{"id":18252,"date":"2024-07-22T09:59:29","date_gmt":"2024-07-22T09:59:29","guid":{"rendered":"https:\/\/interior360.io\/?page_id=18252"},"modified":"2024-10-11T10:10:00","modified_gmt":"2024-10-11T10:10:00","slug":"pisktoki-hr","status":"publish","type":"page","link":"https:\/\/interior360.io\/hr\/center-zasebnosti-hr\/pisktoki-hr\/","title":{"rendered":"Pi\u0161ktoki HR"},"content":{"rendered":"\t\t<div data-elementor-type=\"wp-page\" data-elementor-id=\"18252\" class=\"elementor elementor-18252 elementor-16543\">\n\t\t\t\t<div class=\"elementor-element elementor-element-3705004d e-flex e-con-boxed e-con e-parent\" data-id=\"3705004d\" data-element_type=\"container\" data-settings=\"{&quot;wcf_enable_cursor_hover_effect_text&quot;:&quot;View&quot;,&quot;wcf-animation&quot;:&quot;none&quot;,&quot;wcf_pin_breakpoint&quot;:&quot;mobile&quot;}\">\n\t\t\t\t\t<div class=\"e-con-inner\">\n\t\t\t\t<div class=\"elementor-element elementor-element-1d65059d wcf-t-animation-none elementor-widget elementor-widget-text-editor\" data-id=\"1d65059d\" data-element_type=\"widget\" data-settings=\"{&quot;wcf_text_animation&quot;:&quot;none&quot;,&quot;wcf-animation&quot;:&quot;none&quot;}\" data-widget_type=\"text-editor.default\">\n\t\t\t\t<div class=\"elementor-widget-container\">\n\t\t\t\t\t\t\t<h3><strong>\u0160to je kola\u010di\u0107?<\/strong><\/h3><p>Kola\u010di\u0107i su male tekstualne datoteke koje stvara web stranica koju posjetite i koje sadr\u017ee podatke. Pohranjuju se na ra\u010dunalo posjetitelja kako bi korisniku omogu\u0107ili pristup razli\u010ditim funkcijama. Na ovoj web stranici (u daljnjem tekstu \u201cWeb stranica\u201d) koristimo i sesijske i trajne kola\u010di\u0107e. Sesijski kola\u010di\u0107 privremeno se pohranjuje u memoriju ra\u010dunala tijekom pregledavanja web stranice. Ovaj kola\u010di\u0107 se bri\u0161e kada korisnik zatvori svoj web preglednik ili nakon odre\u0111enog vremena (\u0161to zna\u010di da sesija istje\u010de). Trajni kola\u010di\u0107 ostaje na ra\u010dunalu posjetitelja dok se ne izbri\u0161e.<\/p><h3><strong>Za\u0161to koristimo kola\u010di\u0107e?<\/strong><\/h3><p>Kola\u010di\u0107e koristimo kako bismo saznali vi\u0161e o na\u010dinu na koji posjetitelji komuniciraju s na\u0161im sadr\u017eajem te kako bismo pobolj\u0161ali iskustvo prilikom posjeta na\u0161oj Web stranici.<\/p><h3><strong>Funkcionalnost Web stranice<\/strong><\/h3><p>Funkcija dijeljenja omogu\u0107uje posjetiteljima da preporu\u010de na\u0161u Web stranicu i sadr\u017eaj na dru\u0161tvenim mre\u017eama poput Facebooka i Twittera. Kola\u010di\u0107i pohranjuju informacije o tome kako posjetitelji koriste funkciju dijeljenja \u2013 iako ne na individualnoj razini \u2013 kako bi se Web stranica mogla pobolj\u0161ati. Ako ne prihvatite kola\u010di\u0107e, nikakve informacije ne\u0107e biti pohranjene. Za neke funkcije unutar na\u0161e Web stranice koristimo usluge tre\u0107ih strana, na primjer, kada posjetite stranicu s ugra\u0111enim videozapisima ili poveznicama na YouTube. Ovi videozapisi ili poveznice (kao i bilo koji drugi sadr\u017eaj tre\u0107ih strana) mogu sadr\u017eavati kola\u010di\u0107e tre\u0107ih strana, pa biste trebali konzultirati politike tih web stranica tre\u0107ih strana za informacije o njihovoj upotrebi kola\u010di\u0107a.<\/p><h3><strong>Kola\u010di\u0107i koje koristimo:<\/strong><\/h3><p>Ova Web stranica koristi Google Analytics koji koristi kola\u010di\u0107e. Na agregatnoj razini, kola\u010di\u0107i pohranjuju informacije o tome kako posjetitelji koriste Web stranicu, uklju\u010duju\u0107i broj prikazanih stranica, odakle posjetitelj dolazi i broj posjeta, kako bi se pobolj\u0161ala web stranica i osiguralo dobro korisni\u010dko iskustvo. Ako ne prihvatite kola\u010di\u0107e, nikakve informacije ne\u0107e biti pohranjene.<\/p><h3><strong>Kako odbiti kola\u010di\u0107e?<\/strong><\/h3><p>Ne\u0107emo koristiti kola\u010di\u0107e za prikupljanje osobnih podataka o posjetitelju. Me\u0111utim, mo\u017eete odabrati odbiti ili blokirati kola\u010di\u0107e koje postavlja {yourwebsite} promjenom postavki va\u0161eg preglednika \u2013 za dodatne informacije pogledajte opciju &#8220;Pomo\u0107&#8221; unutar va\u0161eg preglednika. Imajte na umu da ve\u0107ina preglednika automatski prihva\u0107a kola\u010di\u0107e, pa ako ne \u017eelite da se kola\u010di\u0107i koriste, mo\u017eda \u0107ete ih morati aktivno izbrisati ili blokirati. Za informacije o kori\u0161tenju kola\u010di\u0107a u preglednicima na mobilnim telefonima i za detalje o tome kako odbiti ili izbrisati takve kola\u010di\u0107e, pogledajte priru\u010dnik za va\u0161 mobilni telefon.<\/p>\t\t\t\t\t\t<\/div>\n\t\t\t\t<\/div>\n\t\t\t\t\t<\/div>\n\t\t\t\t<\/div>\n\t\t\t\t<\/div>\n\t\t","protected":false},"excerpt":{"rendered":"<p>\u0160to je kola\u010di\u0107? Kola\u010di\u0107i su male tekstualne datoteke koje stvara web stranica koju posjetite i koje sadr\u017ee podatke. Pohranjuju se na ra\u010dunalo posjetitelja kako bi korisniku omogu\u0107ili pristup razli\u010ditim funkcijama. Na ovoj web stranici (u daljnjem tekstu \u201cWeb stranica\u201d) koristimo i sesijske i trajne kola\u010di\u0107e. Sesijski kola\u010di\u0107 privremeno se pohranjuje u memoriju ra\u010dunala tijekom pregledavanja [&hellip;]<\/p>\n","protected":false},"author":1,"featured_media":0,"parent":18244,"menu_order":0,"comment_status":"closed","ping_status":"closed","template":"page-templates\/full-container-width.php","meta":{"_acf_changed":false,"footnotes":""},"class_list":["post-18252","page","type-page","status-publish","hentry"],"acf":[],"yoast_head":"<!-- This site is optimized with the Yoast SEO plugin v24.0 - https:\/\/yoast.com\/wordpress\/plugins\/seo\/ -->\n<title>Pi\u0161ktoki HR - INTERIOR360<\/title>\n<meta name=\"robots\" content=\"index, follow, max-snippet:-1, max-image-preview:large, max-video-preview:-1\" \/>\n<link rel=\"canonical\" href=\"https:\/\/interior360.io\/hr\/center-zasebnosti-hr\/pisktoki-hr\/\" \/>\n<meta property=\"og:locale\" content=\"hr_HR\" \/>\n<meta property=\"og:type\" content=\"article\" \/>\n<meta property=\"og:title\" content=\"Pi\u0161ktoki HR - INTERIOR360\" \/>\n<meta property=\"og:description\" content=\"\u0160to je kola\u010di\u0107? Kola\u010di\u0107i su male tekstualne datoteke koje stvara web stranica koju posjetite i koje sadr\u017ee podatke. Pohranjuju se na ra\u010dunalo posjetitelja kako bi korisniku omogu\u0107ili pristup razli\u010ditim funkcijama. Na ovoj web stranici (u daljnjem tekstu \u201cWeb stranica\u201d) koristimo i sesijske i trajne kola\u010di\u0107e. Sesijski kola\u010di\u0107 privremeno se pohranjuje u memoriju ra\u010dunala tijekom pregledavanja [&hellip;]\" \/>\n<meta property=\"og:url\" content=\"https:\/\/interior360.io\/hr\/center-zasebnosti-hr\/pisktoki-hr\/\" \/>\n<meta property=\"og:site_name\" content=\"INTERIOR360\" \/>\n<meta property=\"article:publisher\" content=\"https:\/\/www.facebook.com\/interior360official\" \/>\n<meta property=\"article:modified_time\" content=\"2024-10-11T10:10:00+00:00\" \/>\n<meta name=\"twitter:card\" content=\"summary_large_image\" \/>\n<meta name=\"twitter:label1\" content=\"Procijenjeno vrijeme \u010ditanja\" \/>\n\t<meta name=\"twitter:data1\" content=\"2 minute\" \/>\n<script type=\"application\/ld+json\" class=\"yoast-schema-graph\">{\"@context\":\"https:\/\/schema.org\",\"@graph\":[{\"@type\":\"WebPage\",\"@id\":\"https:\/\/interior360.io\/hr\/center-zasebnosti-hr\/pisktoki-hr\/\",\"url\":\"https:\/\/interior360.io\/hr\/center-zasebnosti-hr\/pisktoki-hr\/\",\"name\":\"Pi\u0161ktoki HR - INTERIOR360\",\"isPartOf\":{\"@id\":\"https:\/\/interior360.io\/hr\/#website\"},\"datePublished\":\"2024-07-22T09:59:29+00:00\",\"dateModified\":\"2024-10-11T10:10:00+00:00\",\"breadcrumb\":{\"@id\":\"https:\/\/interior360.io\/hr\/center-zasebnosti-hr\/pisktoki-hr\/#breadcrumb\"},\"inLanguage\":\"hr\",\"potentialAction\":[{\"@type\":\"ReadAction\",\"target\":[\"https:\/\/interior360.io\/hr\/center-zasebnosti-hr\/pisktoki-hr\/\"]}]},{\"@type\":\"BreadcrumbList\",\"@id\":\"https:\/\/interior360.io\/hr\/center-zasebnosti-hr\/pisktoki-hr\/#breadcrumb\",\"itemListElement\":[{\"@type\":\"ListItem\",\"position\":1,\"name\":\"Home\",\"item\":\"https:\/\/interior360.io\/hr\/\"},{\"@type\":\"ListItem\",\"position\":2,\"name\":\"Center zasebnosti HR\",\"item\":\"https:\/\/interior360.io\/hr\/center-zasebnosti-hr\/\"},{\"@type\":\"ListItem\",\"position\":3,\"name\":\"Pi\u0161ktoki HR\"}]},{\"@type\":\"WebSite\",\"@id\":\"https:\/\/interior360.io\/hr\/#website\",\"url\":\"https:\/\/interior360.io\/hr\/\",\"name\":\"INTERIOR360\",\"description\":\"\",\"publisher\":{\"@id\":\"https:\/\/interior360.io\/hr\/#organization\"},\"potentialAction\":[{\"@type\":\"SearchAction\",\"target\":{\"@type\":\"EntryPoint\",\"urlTemplate\":\"https:\/\/interior360.io\/hr\/?s={search_term_string}\"},\"query-input\":{\"@type\":\"PropertyValueSpecification\",\"valueRequired\":true,\"valueName\":\"search_term_string\"}}],\"inLanguage\":\"hr\"},{\"@type\":\"Organization\",\"@id\":\"https:\/\/interior360.io\/hr\/#organization\",\"name\":\"INTERIOR360\",\"url\":\"https:\/\/interior360.io\/hr\/\",\"logo\":{\"@type\":\"ImageObject\",\"inLanguage\":\"hr\",\"@id\":\"https:\/\/interior360.io\/hr\/#\/schema\/logo\/image\/\",\"url\":\"https:\/\/interior360.io\/wp-content\/uploads\/2024\/11\/cropped-android-chrome-512x512-1.png\",\"contentUrl\":\"https:\/\/interior360.io\/wp-content\/uploads\/2024\/11\/cropped-android-chrome-512x512-1.png\",\"width\":512,\"height\":512,\"caption\":\"INTERIOR360\"},\"image\":{\"@id\":\"https:\/\/interior360.io\/hr\/#\/schema\/logo\/image\/\"},\"sameAs\":[\"https:\/\/www.facebook.com\/interior360official\",\"https:\/\/www.instagram.com\/interior360official\/\"]}]}<\/script>\n<!-- \/ Yoast SEO plugin. -->","yoast_head_json":{"title":"Pi\u0161ktoki HR - INTERIOR360","robots":{"index":"index","follow":"follow","max-snippet":"max-snippet:-1","max-image-preview":"max-image-preview:large","max-video-preview":"max-video-preview:-1"},"canonical":"https:\/\/interior360.io\/hr\/center-zasebnosti-hr\/pisktoki-hr\/","og_locale":"hr_HR","og_type":"article","og_title":"Pi\u0161ktoki HR - INTERIOR360","og_description":"\u0160to je kola\u010di\u0107? Kola\u010di\u0107i su male tekstualne datoteke koje stvara web stranica koju posjetite i koje sadr\u017ee podatke. Pohranjuju se na ra\u010dunalo posjetitelja kako bi korisniku omogu\u0107ili pristup razli\u010ditim funkcijama. Na ovoj web stranici (u daljnjem tekstu \u201cWeb stranica\u201d) koristimo i sesijske i trajne kola\u010di\u0107e. Sesijski kola\u010di\u0107 privremeno se pohranjuje u memoriju ra\u010dunala tijekom pregledavanja [&hellip;]","og_url":"https:\/\/interior360.io\/hr\/center-zasebnosti-hr\/pisktoki-hr\/","og_site_name":"INTERIOR360","article_publisher":"https:\/\/www.facebook.com\/interior360official","article_modified_time":"2024-10-11T10:10:00+00:00","twitter_card":"summary_large_image","twitter_misc":{"Procijenjeno vrijeme \u010ditanja":"2 minute"},"schema":{"@context":"https:\/\/schema.org","@graph":[{"@type":"WebPage","@id":"https:\/\/interior360.io\/hr\/center-zasebnosti-hr\/pisktoki-hr\/","url":"https:\/\/interior360.io\/hr\/center-zasebnosti-hr\/pisktoki-hr\/","name":"Pi\u0161ktoki HR - INTERIOR360","isPartOf":{"@id":"https:\/\/interior360.io\/hr\/#website"},"datePublished":"2024-07-22T09:59:29+00:00","dateModified":"2024-10-11T10:10:00+00:00","breadcrumb":{"@id":"https:\/\/interior360.io\/hr\/center-zasebnosti-hr\/pisktoki-hr\/#breadcrumb"},"inLanguage":"hr","potentialAction":[{"@type":"ReadAction","target":["https:\/\/interior360.io\/hr\/center-zasebnosti-hr\/pisktoki-hr\/"]}]},{"@type":"BreadcrumbList","@id":"https:\/\/interior360.io\/hr\/center-zasebnosti-hr\/pisktoki-hr\/#breadcrumb","itemListElement":[{"@type":"ListItem","position":1,"name":"Home","item":"https:\/\/interior360.io\/hr\/"},{"@type":"ListItem","position":2,"name":"Center zasebnosti HR","item":"https:\/\/interior360.io\/hr\/center-zasebnosti-hr\/"},{"@type":"ListItem","position":3,"name":"Pi\u0161ktoki HR"}]},{"@type":"WebSite","@id":"https:\/\/interior360.io\/hr\/#website","url":"https:\/\/interior360.io\/hr\/","name":"INTERIOR360","description":"","publisher":{"@id":"https:\/\/interior360.io\/hr\/#organization"},"potentialAction":[{"@type":"SearchAction","target":{"@type":"EntryPoint","urlTemplate":"https:\/\/interior360.io\/hr\/?s={search_term_string}"},"query-input":{"@type":"PropertyValueSpecification","valueRequired":true,"valueName":"search_term_string"}}],"inLanguage":"hr"},{"@type":"Organization","@id":"https:\/\/interior360.io\/hr\/#organization","name":"INTERIOR360","url":"https:\/\/interior360.io\/hr\/","logo":{"@type":"ImageObject","inLanguage":"hr","@id":"https:\/\/interior360.io\/hr\/#\/schema\/logo\/image\/","url":"https:\/\/interior360.io\/wp-content\/uploads\/2024\/11\/cropped-android-chrome-512x512-1.png","contentUrl":"https:\/\/interior360.io\/wp-content\/uploads\/2024\/11\/cropped-android-chrome-512x512-1.png","width":512,"height":512,"caption":"INTERIOR360"},"image":{"@id":"https:\/\/interior360.io\/hr\/#\/schema\/logo\/image\/"},"sameAs":["https:\/\/www.facebook.com\/interior360official","https:\/\/www.instagram.com\/interior360official\/"]}]}},"_links":{"self":[{"href":"https:\/\/interior360.io\/hr\/wp-json\/wp\/v2\/pages\/18252","targetHints":{"allow":["GET"]}}],"collection":[{"href":"https:\/\/interior360.io\/hr\/wp-json\/wp\/v2\/pages"}],"about":[{"href":"https:\/\/interior360.io\/hr\/wp-json\/wp\/v2\/types\/page"}],"author":[{"embeddable":true,"href":"https:\/\/interior360.io\/hr\/wp-json\/wp\/v2\/users\/1"}],"replies":[{"embeddable":true,"href":"https:\/\/interior360.io\/hr\/wp-json\/wp\/v2\/comments?post=18252"}],"version-history":[{"count":8,"href":"https:\/\/interior360.io\/hr\/wp-json\/wp\/v2\/pages\/18252\/revisions"}],"predecessor-version":[{"id":18264,"href":"https:\/\/interior360.io\/hr\/wp-json\/wp\/v2\/pages\/18252\/revisions\/18264"}],"up":[{"embeddable":true,"href":"https:\/\/interior360.io\/hr\/wp-json\/wp\/v2\/pages\/18244"}],"wp:attachment":[{"href":"https:\/\/interior360.io\/hr\/wp-json\/wp\/v2\/media?parent=18252"}],"curies":[{"name":"wp","href":"https:\/\/api.w.org\/{rel}","templated":true}]}}